{"id":1059,"date":"2018-09-28T10:07:53","date_gmt":"2018-09-28T10:07:53","guid":{"rendered":"https:\/\/nerissa-bungalows.com\/?page_id=1059"},"modified":"2024-10-02T13:09:44","modified_gmt":"2024-10-02T10:09:44","slug":"casa","status":"publish","type":"page","link":"https:\/\/nerissa-bungalows.com\/it\/","title":{"rendered":"Casa"},"content":{"rendered":"<p>[et_pb_section fb_built=&#8221;1&#8243; fullwidth=&#8221;on&#8221; _builder_version=&#8221;3.22&#8243; global_colors_info=&#8221;{}&#8221;][et_pb_fullwidth_slider _builder_version=&#8221;4.14.7&#8243; custom_margin=&#8221;||-34px|||&#8221; custom_padding=&#8221;||379px|||&#8221; custom_css_main_element=&#8221;height:550px!important;||width:auto;&#8221; global_colors_info=&#8221;{}&#8221; button_text_size__hover_enabled=&#8221;off&#8221; button_one_text_size__hover_enabled=&#8221;off&#8221; button_two_text_size__hover_enabled=&#8221;off&#8221; button_text_color__hover_enabled=&#8221;off&#8221; button_one_text_color__hover_enabled=&#8221;off&#8221; button_two_text_color__hover_enabled=&#8221;off&#8221; button_border_width__hover_enabled=&#8221;off&#8221; button_one_border_width__hover_enabled=&#8221;off&#8221; button_two_border_width__hover_enabled=&#8221;off&#8221; button_border_color__hover_enabled=&#8221;off&#8221; button_one_border_color__hover_enabled=&#8221;off&#8221; button_two_border_color__hover_enabled=&#8221;off&#8221; button_border_radius__hover_enabled=&#8221;off&#8221; button_one_border_radius__hover_enabled=&#8221;off&#8221; button_two_border_radius__hover_enabled=&#8221;off&#8221; button_letter_spacing__hover_enabled=&#8221;off&#8221; button_one_letter_spacing__hover_enabled=&#8221;off&#8221; button_two_letter_spacing__hover_enabled=&#8221;off&#8221; button_bg_color__hover_enabled=&#8221;off&#8221; button_one_bg_color__hover_enabled=&#8221;off&#8221; button_two_bg_color__hover_enabled=&#8221;off&#8221;][et_pb_slide use_bg_overlay=&#8221;off&#8221; use_text_overlay=&#8221;off&#8221; _builder_version=&#8221;3.16&#8243; background_image=&#8221;https:\/\/nerissa-bungalows.com\/wp-content\/uploads\/2011\/05\/Nerissa-Apartments.jpg&#8221; custom_css_main_element=&#8221;min-height:700px;||width:auto;&#8221; global_colors_info=&#8221;{}&#8221; button_text_size__hover_enabled=&#8221;off&#8221; button_one_text_size__hover_enabled=&#8221;off&#8221; button_two_text_size__hover_enabled=&#8221;off&#8221; button_text_color__hover_enabled=&#8221;off&#8221; button_one_text_color__hover_enabled=&#8221;off&#8221; button_two_text_color__hover_enabled=&#8221;off&#8221; button_border_width__hover_enabled=&#8221;off&#8221; button_one_border_width__hover_enabled=&#8221;off&#8221; button_two_border_width__hover_enabled=&#8221;off&#8221; button_border_color__hover_enabled=&#8221;off&#8221; button_one_border_color__hover_enabled=&#8221;off&#8221; button_two_border_color__hover_enabled=&#8221;off&#8221; button_border_radius__hover_enabled=&#8221;off&#8221; button_one_border_radius__hover_enabled=&#8221;off&#8221; button_two_border_radius__hover_enabled=&#8221;off&#8221; button_letter_spacing__hover_enabled=&#8221;off&#8221; button_one_letter_spacing__hover_enabled=&#8221;off&#8221; button_two_letter_spacing__hover_enabled=&#8221;off&#8221; button_bg_color__hover_enabled=&#8221;off&#8221; button_one_bg_color__hover_enabled=&#8221;off&#8221; button_two_bg_color__hover_enabled=&#8221;off&#8221; sticky_transition=&#8221;on&#8221;][\/et_pb_slide][\/et_pb_fullwidth_slider][\/et_pb_section][et_pb_section fb_built=&#8221;1&#8243; _builder_version=&#8221;3.22&#8243; global_colors_info=&#8221;{}&#8221;][et_pb_row _builder_version=&#8221;3.25&#8243; background_size=&#8221;initial&#8221; background_position=&#8221;top_left&#8221; background_repeat=&#8221;repeat&#8221; hover_enabled=&#8221;0&#8243; global_colors_info=&#8221;{}&#8221; sticky_enabled=&#8221;0&#8243;][et_pb_column type=&#8221;4_4&#8243; _builder_version=&#8221;3.25&#8243; custom_padding=&#8221;|||&#8221; global_colors_info=&#8221;{}&#8221; custom_padding__hover=&#8221;|||&#8221;][et_pb_text _builder_version=&#8221;4.14.7&#8243; _module_preset=&#8221;default&#8221; hover_enabled=&#8221;0&#8243; sticky_enabled=&#8221;0&#8243;]<\/p>\n<p style=\"text-align: center;\">Siamo Popi e Natassa e siamo lieti di darvi il benvenuto nel nostro accogliente e tranquillo rifugio, dove potrete godervi una splendida vista sul mare e vivere vacanze rilassanti e gioiose!<\/p>\n<p style=\"text-align: center;\">I bungalow Nerissa si trovano a 300 metri da 2 bellissime spiagge sabbiose e a 2 km dal pittoresco villaggio di Spartia nella parte sud-occidentale dell&#8217;isola. Tutte le nostre residenze hanno vista sul mare e sulle montagne, sono circondate da alberi di eucalipto, oleandri, palme e molti fiori. Il complesso \u00e8 composto da cinque grandi bungalow individuali con 2 camere da letto, ciascuno con capacit\u00e0 di 4 o 5 persone, con soggiorno, cucina completamente attrezzata e un piccolo bagno.<\/p>\n<p style=\"text-align: center;\">La vicina costa con acque color acquamarina, spiagge sabbiose e baie sotto scogliere vertiginose, \u00e8 l&#8217;ideale per coloro che desiderano praticare vela e windsurf, nonch\u00e9 pesca e snorkeling. I bambini adorano giocare con la sabbia, nuotare e saltare dalle rocce! La spiaggia sabbiosa di Klimatsias \u00e8 a 300 metri di distanza, con acqua bassa, adatta ai bambini piccoli, raggiungibile in auto (c&#8217;\u00e8 abbastanza parcheggio gratuito per tutte le auto) o a piedi (anche se \u00e8 una bella passeggiata, il ritorno pu\u00f2 essere faticoso, a causa della strada in salita). C&#8217;\u00e8 anche un&#8217;altra bellissima spiaggia, che si trova a una distanza di 200 metri dal residence e ci si pu\u00f2 arrivare solo a piedi, seguendo un sentiero nascosto sulla scogliera. Queste due spiagge uniche non sono organizzate e si pu\u00f2 godere della loro bellezza naturale impeccabile, soprattutto nelle prime ore del mattino, dove si pu\u00f2 anche ammirare l&#8217;alba, dietro il monte Ainos.<\/p>\n<p style=\"text-align: center;\">Per coloro che desiderano cenare fuori, le taverne e i ristoranti locali vicino al mare o nel villaggio faranno conoscere al visitatore la deliziosa cucina di Cefalonia. Ulteriori divertimenti con bar e club si possono trovare ad Argostoli, la capitale di Cefalonia, che dista solo 12 km da Spartia.<\/p>\n<p style=\"text-align: center;\">C&#8217;\u00e8 molto da vedere, gustare e sentire, dai sentieri e l&#8217;armonia del paesaggio a una grande variet\u00e0 di bellissime spiagge e ristoranti tradizionali, che vi inizieranno a questo profumo unico dell&#8217;estate cefaloniana.<\/p>\n<p>[\/et_pb_text][\/et_pb_column][\/et_pb_row][et_pb_row _builder_version=&#8221;3.25&#8243; background_size=&#8221;initial&#8221; background_position=&#8221;top_left&#8221; background_repeat=&#8221;repeat&#8221; global_colors_info=&#8221;{}&#8221;][et_pb_column type=&#8221;4_4&#8243; _builder_version=&#8221;3.25&#8243; custom_padding=&#8221;|||&#8221; global_colors_info=&#8221;{}&#8221; custom_padding__hover=&#8221;|||&#8221;][et_pb_text admin_label=&#8221;Distances&#8221; _builder_version=&#8221;3.27.4&#8243; global_colors_info=&#8221;{}&#8221;]<\/p>\n<p><strong>Distanze<\/strong><\/p>\n<p>Ristorante\/caffetteria: a 70 metri<br \/>\nSpiagge: a 300 metri<br \/>\nVillaggio di Spartia: a 1800 metri<br \/>\nMini market: a 1800 metri<br \/>\nSupermercati: a 5km<br \/>\nAuto noleggio: a 1000 metri<br \/>\nArgostoli: a 12km<br \/>\nFarmacia: a 5km<br \/>\nAeroporto: a 9 km<br \/>\nOspedale: a 12km<br \/>\nDottore: a 3km<\/p>\n<p>[\/et_pb_text][\/et_pb_column][\/et_pb_row][et_pb_row _builder_version=&#8221;3.25&#8243; background_size=&#8221;initial&#8221; background_position=&#8221;top_left&#8221; background_repeat=&#8221;repeat&#8221; global_colors_info=&#8221;{}&#8221;][et_pb_column type=&#8221;4_4&#8243; _builder_version=&#8221;3.25&#8243; custom_padding=&#8221;|||&#8221; global_colors_info=&#8221;{}&#8221; custom_padding__hover=&#8221;|||&#8221;][\/et_pb_column][\/et_pb_row][\/et_pb_section][et_pb_section fb_built=&#8221;1&#8243; _builder_version=&#8221;3.22&#8243; global_colors_info=&#8221;{}&#8221;][et_pb_row module_class=&#8221; et_pb_row_fullwidth&#8221; _builder_version=&#8221;3.25&#8243; width=&#8221;89%&#8221; width_tablet=&#8221;80%&#8221; width_phone=&#8221;80%&#8221; width_last_edited=&#8221;on|desktop&#8221; max_width=&#8221;89%&#8221; max_width_tablet=&#8221;80%&#8221; max_width_phone=&#8221;80%&#8221; max_width_last_edited=&#8221;on|desktop&#8221; make_fullwidth=&#8221;on&#8221; global_colors_info=&#8221;{}&#8221;][et_pb_column type=&#8221;4_4&#8243; _builder_version=&#8221;3.25&#8243; custom_padding=&#8221;|||&#8221; global_colors_info=&#8221;{}&#8221; custom_padding__hover=&#8221;|||&#8221;][et_pb_map _builder_version=&#8221;3.12.2&#8243; custom_css_main_element=&#8221;display:none;&#8221; global_colors_info=&#8221;{}&#8221;][\/et_pb_map][\/et_pb_column][\/et_pb_row][\/et_pb_section]<\/p>\n","protected":false},"excerpt":{"rendered":"<p>Siamo Popi e Natassa e siamo lieti di darvi il&#8230;<\/p>\n","protected":false},"author":1,"featured_media":0,"parent":0,"menu_order":0,"comment_status":"closed","ping_status":"closed","template":"","meta":{"_et_pb_use_builder":"on","_et_pb_old_content":"<p>This is a hidden article.<\/p>","_et_gb_content_width":""},"_links":{"self":[{"href":"https:\/\/nerissa-bungalows.com\/it\/wp-json\/wp\/v2\/pages\/1059\/"}],"collection":[{"href":"https:\/\/nerissa-bungalows.com\/it\/wp-json\/wp\/v2\/pages\/"}],"about":[{"href":"https:\/\/nerissa-bungalows.com\/it\/wp-json\/wp\/v2\/types\/page\/"}],"author":[{"embeddable":true,"href":"https:\/\/nerissa-bungalows.com\/it\/wp-json\/wp\/v2\/users\/1\/"}],"replies":[{"embeddable":true,"href":"https:\/\/nerissa-bungalows.com\/it\/wp-json\/wp\/v2\/comments\/?post=1059"}],"version-history":[{"count":8,"href":"https:\/\/nerissa-bungalows.com\/it\/wp-json\/wp\/v2\/pages\/1059\/revisions\/"}],"predecessor-version":[{"id":3871,"href":"https:\/\/nerissa-bungalows.com\/it\/wp-json\/wp\/v2\/pages\/1059\/revisions\/3871\/"}],"wp:attachment":[{"href":"https:\/\/nerissa-bungalows.com\/it\/wp-json\/wp\/v2\/media\/?parent=1059"}],"curies":[{"name":"wp","href":"https:\/\/api.w.org\/{rel}","templated":true}]}}